{"id":13,"date":"2022-12-06T18:46:32","date_gmt":"2022-12-06T18:46:32","guid":{"rendered":"https:\/\/www.regularizeobra.com.br\/site\/?page_id=13"},"modified":"2023-01-17T16:34:16","modified_gmt":"2023-01-17T16:34:16","slug":"inicio","status":"publish","type":"page","link":"https:\/\/www.regularizeobra.com.br\/site\/","title":{"rendered":"In\u00edcio"},"content":{"rendered":"<div style=\"display: none;\">\n<p>regulariza\u00e7\u00e3o de obras passo fundo averba\u00e7\u00e3o passo fundo,alvar\u00e1 em passo fundo, sero, Passo Fundo RS, sero e cnd passo fundo<\/p>\n<h1>sero em Passo Fundo,\u00a0consultoria passo fundo, cria\u00e7\u00e3o e desenvolvimento alvar\u00e1 passo fundo,<\/h1>\n<h2>sero em passo fundo, regulariza\u00e7\u00e3o de obras passo fundo e regi\u00e3o, cria\u00e7\u00e3o e desenvolvimento alvar\u00e1 passo fundo em passo fundo, sero venda equipamentos cnd passo fundo, regulariza\u00e7\u00e3o de obras em passo fundo rs, sero, para passo fundo e regi\u00e3o, sero para passo fundo e regi\u00e3o\u00a0cnd cnd passo fundo de sero em passo fundo, regulariza\u00e7\u00e3o de obras passo fundo e regi\u00e3o, cria\u00e7\u00e3o e desenvolvimento alvar\u00e1 passo fundo em passo fundo, sero venda equipamentos cnd passo fundo, regulariza\u00e7\u00e3o de obras em passo fundo rs, sero,<a href=\"https:\/\/www.regularizeobra.com.br\">para passo fundo e regi\u00e3o, sero para passo fundo e regi\u00e3o\u00a0cnd cnd passo fundo de sero em passo fundo, regulariza\u00e7\u00e3o de obras passo fundo e regi\u00e3o, cria\u00e7\u00e3o e desenvolvimento alvar\u00e1 passo fundo em passo fundo, sero venda equipamentos cnd passo fundo, regulariza\u00e7\u00e3o de obras em passo fundo rs, sero<\/a>, para passo fundo e regi\u00e3o, sero para passo fundo e regi\u00e3o\u00a0cnd cnd passo fundo de sero em passo fundo, regulariza\u00e7\u00e3o de obras passo fundo e regi\u00e3o, cria\u00e7\u00e3o e desenvolvimento alvar\u00e1 passo fundo em passo fundo, sero venda equipamentos cnd passo fundo, regulariza\u00e7\u00e3o de obras em passo fundo rs, sero, para passo fundo e regi\u00e3o, sero para passo fundo e regi\u00e3o\u00a0cnd cnd passo fundo de sero em passo fundo, regulariza\u00e7\u00e3o de obras passo fundo e regi\u00e3o, cria\u00e7\u00e3o e desenvolvimento alvar\u00e1 passo fundo em passo fundo, sero venda equipamentos cnd passo fundo, regulariza\u00e7\u00e3o de obras em passo fundo rs, sero, para passo fundo e regi\u00e3o,<a href=\"https:\/\/www.regularizeobra.com.br\/site\">sero para passo fundo e regi\u00e3o\u00a0cnd cnd passo fundo de sero em passo fundo, regulariza\u00e7\u00e3o de obras passo fundo e regi\u00e3o, cria\u00e7\u00e3o de sit<\/a>es em passo fundo, sero venda equipamentos cnd passo fundo, regulariza\u00e7\u00e3o de obras em passo fundo rs, sero, para passo fundo e regi\u00e3o, sero para passo fundo e regi\u00e3o<\/h2>\n<p>[capcndon id=&#8221;attachment_747&#8243; align=&#8221;aligncenter&#8221; width=&#8221;343&#8243;]<a href=\"https:\/\/www.regularizeobra.com.br\/site\/wp-content\/uploads\/2013\/06\/per\u00edcia-m\u00e9dica-passo-fundo-rs.jpg\"><img loading=\"lazy\" decoding=\"async\" class=\"size-full wp-image-747 \" src=\"https:\/\/www.regularizeobra.com.br\/site\/wp-content\/uploads\/2013\/06\/per\u00edcia-m\u00e9dica-passo-fundo-rs.jpg\" alt=\"cnd cnd passo fundo de sero em Passo Fundo\" width=\"343\" height=\"300\" \/><\/a> cnd cnd passo fundo de sero em Passo Fundo[\/capcndon]<\/p>\n<\/div>\n","protected":false},"excerpt":{"rendered":"<p>regulariza\u00e7\u00e3o de obras passo fundo averba\u00e7\u00e3o passo fundo,alvar\u00e1 em passo fundo, sero, Passo Fundo RS, sero e cnd passo fundo sero em Passo Fundo,\u00a0consultoria passo fundo, cria\u00e7\u00e3o e desenvolvimento alvar\u00e1 passo fundo, sero em passo fundo, regulariza\u00e7\u00e3o de obras passo fundo e regi\u00e3o, cria\u00e7\u00e3o e desenvolvimento alvar\u00e1 passo fundo em passo fundo, sero venda equipamentos [&hellip;]<\/p>\n","protected":false},"author":2,"featured_media":0,"parent":0,"menu_order":0,"comment_status":"closed","ping_status":"closed","template":"template-inicio.php","meta":{"footnotes":""},"class_list":["post-13","page","type-page","status-publish","hentry"],"_links":{"self":[{"href":"https:\/\/www.regularizeobra.com.br\/site\/wp-json\/wp\/v2\/pages\/13","targetHints":{"allow":["GET"]}}],"collection":[{"href":"https:\/\/www.regularizeobra.com.br\/site\/wp-json\/wp\/v2\/pages"}],"about":[{"href":"https:\/\/www.regularizeobra.com.br\/site\/wp-json\/wp\/v2\/types\/page"}],"author":[{"embeddable":true,"href":"https:\/\/www.regularizeobra.com.br\/site\/wp-json\/wp\/v2\/users\/2"}],"replies":[{"embeddable":true,"href":"https:\/\/www.regularizeobra.com.br\/site\/wp-json\/wp\/v2\/comments?post=13"}],"version-history":[{"count":0,"href":"https:\/\/www.regularizeobra.com.br\/site\/wp-json\/wp\/v2\/pages\/13\/revisions"}],"wp:attachment":[{"href":"https:\/\/www.regularizeobra.com.br\/site\/wp-json\/wp\/v2\/media?parent=13"}],"curies":[{"name":"wp","href":"https:\/\/api.w.org\/{rel}","templated":true}]}}